{"id":1307,"date":"2024-05-02T18:01:44","date_gmt":"2024-05-02T16:01:44","guid":{"rendered":"https:\/\/escolaadestradoresrcd.es\/?page_id=1307"},"modified":"2025-08-19T15:44:30","modified_gmt":"2025-08-19T13:44:30","slug":"conocenos","status":"publish","type":"page","link":"https:\/\/escolaadestradoresrcd.es\/gl\/conocenos\/","title":{"rendered":"Con\u00f3cenos"},"content":{"rendered":"<div data-elementor-type=\"wp-page\" data-elementor-id=\"1307\" class=\"elementor elementor-1307\">\n\t\t\t\t<div class=\"elementor-element elementor-element-185f0c55 e-con-full e-flex wpr-particle-no wpr-jarallax-no wpr-parallax-no wpr-sticky-section-no wpr-equal-height-no e-con e-parent\" data-id=\"185f0c55\" data-element_type=\"container\" data-settings=\"{&quot;background_background&quot;:&quot;gradient&quot;}\">\n\t\t<div class=\"elementor-element elementor-element-62e373b9 e-flex e-con-boxed wpr-particle-no wpr-jarallax-no wpr-parallax-no wpr-sticky-section-no wpr-equal-height-no e-con e-child\" data-id=\"62e373b9\" data-element_type=\"container\">\n\t\t\t\t\t<div class=\"e-con-inner\">\n\t\t\t\t<div class=\"elementor-element elementor-element-5a56669f elementor-widget elementor-widget-heading\" data-id=\"5a56669f\" data-element_type=\"widget\" data-widget_type=\"heading.default\">\n\t\t\t\t<div class=\"elementor-widget-container\">\n\t\t\t\t\t<h1 class=\"elementor-heading-title elementor-size-default\">CON\u00d3CENOS<\/h1>\t\t\t\t<\/div>\n\t\t\t\t<\/div>\n\t\t\t\t\t<\/div>\n\t\t\t\t<\/div>\n\t\t\t\t<\/div>\n\t\t<div class=\"elementor-element elementor-element-170c6a15 e-con-full e-flex wpr-particle-no wpr-jarallax-no wpr-parallax-no wpr-sticky-section-no wpr-equal-height-no e-con e-parent\" data-id=\"170c6a15\" data-element_type=\"container\" data-settings=\"{&quot;background_background&quot;:&quot;classic&quot;}\">\n\t\t<div class=\"elementor-element elementor-element-4c5fafc e-flex e-con-boxed wpr-particle-no wpr-jarallax-no wpr-parallax-no wpr-sticky-section-no wpr-equal-height-no e-con e-child\" data-id=\"4c5fafc\" data-element_type=\"container\">\n\t\t\t\t\t<div class=\"e-con-inner\">\n\t\t\t\t<div class=\"elementor-element elementor-element-72c97faf elementor-widget elementor-widget-video\" data-id=\"72c97faf\" data-element_type=\"widget\" data-settings=\"{&quot;video_type&quot;:&quot;hosted&quot;,&quot;controls&quot;:&quot;yes&quot;}\" data-widget_type=\"video.default\">\n\t\t\t\t<div class=\"elementor-widget-container\">\n\t\t\t\t\t\t\t<div class=\"e-hosted-video elementor-wrapper elementor-open-inline\">\n\t\t\t\t\t<video class=\"elementor-video\" src=\"https:\/\/storage.googleapis.com\/webdebullar_images\/Escuela%20Tecnicos%20RC%20Deportivo.mp4\" controls=\"\" preload=\"metadata\" controlslist=\"nodownload\"><\/video>\n\t\t\t\t<\/div>\n\t\t\t\t\t\t<\/div>\n\t\t\t\t<\/div>\n\t\t<div class=\"elementor-element elementor-element-103168d2 e-flex e-con-boxed wpr-particle-no wpr-jarallax-no wpr-parallax-no wpr-sticky-section-no wpr-equal-height-no e-con e-child\" data-id=\"103168d2\" data-element_type=\"container\">\n\t\t\t\t\t<div class=\"e-con-inner\">\n\t\t<div class=\"elementor-element elementor-element-58090f2f e-con-full e-flex wpr-particle-no wpr-jarallax-no wpr-parallax-no wpr-sticky-section-no wpr-equal-height-no e-con e-child\" data-id=\"58090f2f\" data-element_type=\"container\">\n\t\t\t\t<div class=\"elementor-element elementor-element-33b9b7ba elementor-widget elementor-widget-text-editor\" data-id=\"33b9b7ba\" data-element_type=\"widget\" data-widget_type=\"text-editor.default\">\n\t\t\t\t<div class=\"elementor-widget-container\">\n\t\t\t\t\t\t\t\t\t<div>\n<h3 style=\"margin-bottom: 20px;\"><span style=\"color: #a49666;\"><span style=\"font-size: 28px;\"><b>Miguel Gamallo, Director de la Escuela de Entrenadores RC Deportivo<\/b><\/span><\/span><\/h3>\n<\/div>\t\t\t\t\t\t\t\t<\/div>\n\t\t\t\t<\/div>\n\t\t\t\t<\/div>\n\t\t\t\t\t<\/div>\n\t\t\t\t<\/div>\n\t\t\t\t\t<\/div>\n\t\t\t\t<\/div>\n\t\t\t\t<\/div>\n\t\t<div class=\"elementor-element elementor-element-59fbbec3 e-con-full e-flex wpr-particle-no wpr-jarallax-no wpr-parallax-no wpr-sticky-section-no wpr-equal-height-no e-con e-parent\" data-id=\"59fbbec3\" data-element_type=\"container\" data-settings=\"{&quot;background_background&quot;:&quot;classic&quot;}\">\n\t\t<div class=\"elementor-element elementor-element-37133f60 e-flex e-con-boxed wpr-particle-no wpr-jarallax-no wpr-parallax-no wpr-sticky-section-no wpr-equal-height-no e-con e-child\" data-id=\"37133f60\" data-element_type=\"container\">\n\t\t\t\t\t<div class=\"e-con-inner\">\n\t\t<div class=\"elementor-element elementor-element-53bfa22b e-flex e-con-boxed wpr-particle-no wpr-jarallax-no wpr-parallax-no wpr-sticky-section-no wpr-equal-height-no e-con e-child\" data-id=\"53bfa22b\" data-element_type=\"container\">\n\t\t\t\t\t<div class=\"e-con-inner\">\n\t\t\t\t<div class=\"elementor-element elementor-element-3a1230cd elementor-widget elementor-widget-heading\" data-id=\"3a1230cd\" data-element_type=\"widget\" data-widget_type=\"heading.default\">\n\t\t\t\t<div class=\"elementor-widget-container\">\n\t\t\t\t\t<h2 class=\"elementor-heading-title elementor-size-default\">DE D\u00d3NDE VENIMOS<\/h2>\t\t\t\t<\/div>\n\t\t\t\t<\/div>\n\t\t\t\t<div class=\"elementor-element elementor-element-4b1f835e elementor-widget elementor-widget-text-editor\" data-id=\"4b1f835e\" data-element_type=\"widget\" data-widget_type=\"text-editor.default\">\n\t\t\t\t<div class=\"elementor-widget-container\">\n\t\t\t\t\t\t\t\t\t<p style=\"font-size: 16px; line-height: 1.8; color: #333; margin-bottom: 20px;\"><b>La Escuela de Entrenadores RC Deportivo de La Coru\u00f1a nace en el 2005 <\/b>del compromiso del club con la excelencia formativa en el f\u00fatbol. <b>Somos herederos de una tradici\u00f3n centenaria<\/b> y una manera de entender el juego que ha dejado huella en el f\u00fatbol tanto a nivel nacional como internacional.<\/p><p style=\"font-size: 16px; line-height: 1.8; color: #333;\">Esta escuela surge con un prop\u00f3sito claro: formar a futuros entrenadores desde una perspectiva profesional, rigurosa y alineada con los valores y el <strong>M\u00c9TODO D\u00c9POR<\/strong>.<\/p>\t\t\t\t\t\t\t\t<\/div>\n\t\t\t\t<\/div>\n\t\t\t\t\t<\/div>\n\t\t\t\t<\/div>\n\t\t<div class=\"elementor-element elementor-element-6aafd623 e-flex e-con-boxed wpr-particle-no wpr-jarallax-no wpr-parallax-no wpr-sticky-section-no wpr-equal-height-no e-con e-child\" data-id=\"6aafd623\" data-element_type=\"container\">\n\t\t\t\t\t<div class=\"e-con-inner\">\n\t\t\t\t<div class=\"elementor-element elementor-element-245a9af2 elementor-widget elementor-widget-image\" data-id=\"245a9af2\" data-element_type=\"widget\" data-widget_type=\"image.default\">\n\t\t\t\t<div class=\"elementor-widget-container\">\n\t\t\t\t\t\t\t\t\t\t\t\t\t\t\t<img fetchpriority=\"high\" decoding=\"async\" width=\"1024\" height=\"533\" src=\"https:\/\/escolaadestradoresrcd.es\/wp-content\/uploads\/2025\/08\/Estadio-Riazor.jpg\" class=\"attachment-large size-large wp-image-4534\" alt=\"\" srcset=\"https:\/\/escolaadestradoresrcd.es\/wp-content\/uploads\/2025\/08\/Estadio-Riazor.jpg 1024w, https:\/\/escolaadestradoresrcd.es\/wp-content\/uploads\/2025\/08\/Estadio-Riazor-300x156.jpg 300w, https:\/\/escolaadestradoresrcd.es\/wp-content\/uploads\/2025\/08\/Estadio-Riazor-768x400.jpg 768w, https:\/\/escolaadestradoresrcd.es\/wp-content\/uploads\/2025\/08\/Estadio-Riazor-18x9.jpg 18w\" sizes=\"(max-width: 1024px) 100vw, 1024px\" \/>\t\t\t\t\t\t\t\t\t\t\t\t\t\t\t<\/div>\n\t\t\t\t<\/div>\n\t\t\t\t\t<\/div>\n\t\t\t\t<\/div>\n\t\t\t\t\t<\/div>\n\t\t\t\t<\/div>\n\t\t\t\t<\/div>\n\t\t<div class=\"elementor-element elementor-element-798953d9 e-con-full e-flex wpr-particle-no wpr-jarallax-no wpr-parallax-no wpr-sticky-section-no wpr-equal-height-no e-con e-parent\" data-id=\"798953d9\" data-element_type=\"container\" data-settings=\"{&quot;background_background&quot;:&quot;classic&quot;}\">\n\t\t<div class=\"elementor-element elementor-element-474a9d0d e-flex e-con-boxed wpr-particle-no wpr-jarallax-no wpr-parallax-no wpr-sticky-section-no wpr-equal-height-no e-con e-child\" data-id=\"474a9d0d\" data-element_type=\"container\">\n\t\t\t\t\t<div class=\"e-con-inner\">\n\t\t\t\t<div class=\"elementor-element elementor-element-3daa17e9 elementor-widget__width-inherit elementor-widget elementor-widget-image\" data-id=\"3daa17e9\" data-element_type=\"widget\" data-widget_type=\"image.default\">\n\t\t\t\t<div class=\"elementor-widget-container\">\n\t\t\t\t\t\t\t\t\t\t\t\t\t\t\t<img decoding=\"async\" width=\"1080\" height=\"1080\" src=\"https:\/\/escolaadestradoresrcd.es\/wp-content\/uploads\/2025\/08\/Villares_cr.jpg\" class=\"attachment-1536x1536 size-1536x1536 wp-image-4538\" alt=\"\" srcset=\"https:\/\/escolaadestradoresrcd.es\/wp-content\/uploads\/2025\/08\/Villares_cr.jpg 1080w, https:\/\/escolaadestradoresrcd.es\/wp-content\/uploads\/2025\/08\/Villares_cr-300x300.jpg 300w, https:\/\/escolaadestradoresrcd.es\/wp-content\/uploads\/2025\/08\/Villares_cr-1024x1024.jpg 1024w, https:\/\/escolaadestradoresrcd.es\/wp-content\/uploads\/2025\/08\/Villares_cr-150x150.jpg 150w, https:\/\/escolaadestradoresrcd.es\/wp-content\/uploads\/2025\/08\/Villares_cr-768x768.jpg 768w, https:\/\/escolaadestradoresrcd.es\/wp-content\/uploads\/2025\/08\/Villares_cr-12x12.jpg 12w\" sizes=\"(max-width: 1080px) 100vw, 1080px\" \/>\t\t\t\t\t\t\t\t\t\t\t\t\t\t\t<\/div>\n\t\t\t\t<\/div>\n\t\t<div class=\"elementor-element elementor-element-40bf76d9 e-flex e-con-boxed wpr-particle-no wpr-jarallax-no wpr-parallax-no wpr-sticky-section-no wpr-equal-height-no e-con e-child\" data-id=\"40bf76d9\" data-element_type=\"container\">\n\t\t\t\t\t<div class=\"e-con-inner\">\n\t\t\t\t<div class=\"elementor-element elementor-element-473c8a09 elementor-widget elementor-widget-heading\" data-id=\"473c8a09\" data-element_type=\"widget\" data-widget_type=\"heading.default\">\n\t\t\t\t<div class=\"elementor-widget-container\">\n\t\t\t\t\t<h2 class=\"elementor-heading-title elementor-size-default\">QUI\u00c9NES SOMOS<\/h2>\t\t\t\t<\/div>\n\t\t\t\t<\/div>\n\t\t\t\t<div class=\"elementor-element elementor-element-5925fb1c elementor-widget elementor-widget-text-editor\" data-id=\"5925fb1c\" data-element_type=\"widget\" data-widget_type=\"text-editor.default\">\n\t\t\t\t<div class=\"elementor-widget-container\">\n\t\t\t\t\t\t\t\t\t<p style=\"font-size: 16px; line-height: 1.5; color: #333; margin-bottom: 20px;\">Somos un <b>centro autorizado por la Conseller\u00eda de Cultura, Educaci\u00f3n e Formaci\u00f3n Profesional de la Xunta de Galicia<\/b>, mediante la Orde do 20 de Xullo de 2005 (DOG 2\/08\/2005). Esto nos permite impartir con <b>validez oficial las titulaciones de Formaci\u00f3n Profesional de T\u00e9cnico Deportivo y T\u00e9cnico Deportivo Superior en F\u00fatbol.<\/b><\/p><p style=\"font-size: 16px; line-height: 1.5; color: #333; margin-bottom: 20px;\">Nuestra actividad no se limita a cumplir con los est\u00e1ndares educativos: los superamos. En el a\u00f1o 2016, dimos un paso decisivo al firmar un convenio de colaboraci\u00f3n con la Universidad de A Coru\u00f1a, y en particular con la Facultad de Ciencias del Deporte y la Educaci\u00f3n F\u00edsica (INEF Galicia).<\/p><ul style=\"font-size: 16px; line-height: 1.5; color: #333; margin-left: 20px;\"><li style=\"margin-bottom: 10px;\"><strong>Impartir parte de nuestra formaci\u00f3n<\/strong> en un entorno universitario de excelencia, con acceso a aulas, laboratorios, pabellones y campos deportivos de primer nivel.<\/li><li style=\"margin-bottom: 10px;\"><strong>Integrar docentes universitarios<\/strong> y expertos del mundo del f\u00fatbol en nuestro equipo formativo, lo que garantiza una ense\u00f1anza actualizada, rigurosa y conectada con las \u00faltimas tendencias cient\u00edficas y metodol\u00f3gicas.<\/li><li><strong>Ofrecer al alumnado una experiencia formativa completa<\/strong>, que combina el saber acad\u00e9mico con la realidad pr\u00e1ctica del entrenamiento, el juego y la competici\u00f3n.<\/li><\/ul>\t\t\t\t\t\t\t\t<\/div>\n\t\t\t\t<\/div>\n\t\t\t\t\t<\/div>\n\t\t\t\t<\/div>\n\t\t\t\t\t<\/div>\n\t\t\t\t<\/div>\n\t\t\t\t<\/div>\n\t\t<div class=\"elementor-element elementor-element-f0797cb e-con-full e-flex wpr-particle-no wpr-jarallax-no wpr-parallax-no wpr-sticky-section-no wpr-equal-height-no e-con e-parent\" data-id=\"f0797cb\" data-element_type=\"container\" data-settings=\"{&quot;background_background&quot;:&quot;classic&quot;}\">\n\t\t<div class=\"elementor-element elementor-element-4f7ae17a e-flex e-con-boxed wpr-particle-no wpr-jarallax-no wpr-parallax-no wpr-sticky-section-no wpr-equal-height-no e-con e-child\" data-id=\"4f7ae17a\" data-element_type=\"container\">\n\t\t\t\t\t<div class=\"e-con-inner\">\n\t\t<div class=\"elementor-element elementor-element-7014c2c1 e-flex e-con-boxed wpr-particle-no wpr-jarallax-no wpr-parallax-no wpr-sticky-section-no wpr-equal-height-no e-con e-child\" data-id=\"7014c2c1\" data-element_type=\"container\">\n\t\t\t\t\t<div class=\"e-con-inner\">\n\t\t\t\t<div class=\"elementor-element elementor-element-2bab71c6 elementor-widget elementor-widget-text-editor\" data-id=\"2bab71c6\" data-element_type=\"widget\" data-widget_type=\"text-editor.default\">\n\t\t\t\t<div class=\"elementor-widget-container\">\n\t\t\t\t\t\t\t\t\t<p style=\"font-size: 16px; line-height: 1.8; color: #333; margin-bottom: 20px;\">Adem\u00e1s del aval institucional y la solidez acad\u00e9mica, nos distinguimos por la identidad. Todo nuestro trabajo se construye sobre una base clara: el <strong style=\"color: #0831b6;\">ADN blanquiazul<\/strong>. Esto significa formar entrenadores que comprendan y transmitan los<b> valores del RC Deportivo: compromiso, esfuerzo, innovaci\u00f3n, compa\u00f1erismo, y pasi\u00f3n por el f\u00fatbol.<\/b><\/p><p style=\"font-size: 16px; line-height: 1.8; color: #333;\">Por todo ello, en nuestra Escola de Adestradores RCD no solo se obtienen t\u00edtulos: se vive una experiencia transformadora, que prepara a los entrenadores del presente para liderar el f\u00fatbol del futuro.<\/p>\t\t\t\t\t\t\t\t<\/div>\n\t\t\t\t<\/div>\n\t\t\t\t<div class=\"elementor-element elementor-element-226e112c elementor-widget elementor-widget-heading\" data-id=\"226e112c\" data-element_type=\"widget\" data-widget_type=\"heading.default\">\n\t\t\t\t<div class=\"elementor-widget-container\">\n\t\t\t\t\t<h2 class=\"elementor-heading-title elementor-size-default\">HACIA D\u00d3NDE VAMOS<\/h2>\t\t\t\t<\/div>\n\t\t\t\t<\/div>\n\t\t\t\t<div class=\"elementor-element elementor-element-51cb40f9 elementor-widget elementor-widget-text-editor\" data-id=\"51cb40f9\" data-element_type=\"widget\" data-widget_type=\"text-editor.default\">\n\t\t\t\t<div class=\"elementor-widget-container\">\n\t\t\t\t\t\t\t\t\t<p style=\"line-height: 1.8; margin-bottom: 20px;\"><span style=\"color: #333333;\"><span style=\"font-size: 16px;\">Nuestro objetivo es <b>seguir siendo un referente nacional y serlo tambi\u00e9n a nivel internacional en la formaci\u00f3n de entrenadores<\/b>. Apostamos por una ense\u00f1anza actualizada, con base cient\u00edfica y centrada en la evoluci\u00f3n del f\u00fatbol moderno. Miramos al futuro con ambici\u00f3n: queremos que nuestros titulados est\u00e9n preparados para liderar desde el banquillo, desde la base hasta la \u00e9lite.<\/span><\/span><\/p><p style=\"line-height: 1.8; margin-bottom: 20px;\"><span style=\"font-size: 16px; color: #333333;\">Creemos en una formaci\u00f3n que inspire, transforme y conecte con la realidad del juego. <b>Porque un buen entrenador\/a no solo ense\u00f1a: construye, motiva y deja huella<\/b>.<\/span><\/p>\t\t\t\t\t\t\t\t<\/div>\n\t\t\t\t<\/div>\n\t\t\t\t\t<\/div>\n\t\t\t\t<\/div>\n\t\t<div class=\"elementor-element elementor-element-4ba76006 e-flex e-con-boxed wpr-particle-no wpr-jarallax-no wpr-parallax-no wpr-sticky-section-no wpr-equal-height-no e-con e-child\" data-id=\"4ba76006\" data-element_type=\"container\">\n\t\t\t\t\t<div class=\"e-con-inner\">\n\t\t\t\t<div class=\"elementor-element elementor-element-570430b7 elementor-widget elementor-widget-image\" data-id=\"570430b7\" data-element_type=\"widget\" data-widget_type=\"image.default\">\n\t\t\t\t<div class=\"elementor-widget-container\">\n\t\t\t\t\t\t\t\t\t\t\t\t\t\t\t<img decoding=\"async\" width=\"997\" height=\"997\" src=\"https:\/\/escolaadestradoresrcd.es\/wp-content\/uploads\/2025\/08\/Estadio3_cr.jpg\" class=\"attachment-large size-large wp-image-4539\" alt=\"\" srcset=\"https:\/\/escolaadestradoresrcd.es\/wp-content\/uploads\/2025\/08\/Estadio3_cr.jpg 997w, https:\/\/escolaadestradoresrcd.es\/wp-content\/uploads\/2025\/08\/Estadio3_cr-300x300.jpg 300w, https:\/\/escolaadestradoresrcd.es\/wp-content\/uploads\/2025\/08\/Estadio3_cr-150x150.jpg 150w, https:\/\/escolaadestradoresrcd.es\/wp-content\/uploads\/2025\/08\/Estadio3_cr-768x768.jpg 768w, https:\/\/escolaadestradoresrcd.es\/wp-content\/uploads\/2025\/08\/Estadio3_cr-12x12.jpg 12w\" sizes=\"(max-width: 997px) 100vw, 997px\" \/>\t\t\t\t\t\t\t\t\t\t\t\t\t\t\t<\/div>\n\t\t\t\t<\/div>\n\t\t\t\t\t<\/div>\n\t\t\t\t<\/div>\n\t\t\t\t\t<\/div>\n\t\t\t\t<\/div>\n\t\t\t\t<\/div>\n\t\t\t\t<\/div>","protected":false},"excerpt":{"rendered":"<p>CON\u00d3CENOS https:\/\/storage.googleapis.com\/webdebullar_images\/Escuela%20Tecnicos%20RC%20Deportivo.mp4 Miguel Gamallo, Director de la Escuela de Entrenadores RC Deportivo DE D\u00d3NDE VENIMOS La Escuela de Entrenadores RC Deportivo de La Coru\u00f1a nace en el 2005 del compromiso del club con la excelencia formativa en el f\u00fatbol. Somos herederos de una tradici\u00f3n centenaria y una manera de entender el juego que ha dejado huella en el f\u00fatbol tanto a nivel nacional como internacional. Esta escuela surge con un prop\u00f3sito claro: formar a futuros entrenadores desde una perspectiva profesional, rigurosa y alineada con los valores y el M\u00c9TODO D\u00c9POR. QUI\u00c9NES SOMOS Somos un centro autorizado por la Conseller\u00eda de Cultura, Educaci\u00f3n e Formaci\u00f3n Profesional de la Xunta de Galicia, mediante la Orde do 20 de Xullo de 2005 (DOG 2\/08\/2005). Esto nos permite impartir con validez oficial las titulaciones de Formaci\u00f3n Profesional de T\u00e9cnico Deportivo y T\u00e9cnico Deportivo Superior en F\u00fatbol. Nuestra actividad no se limita a cumplir con los est\u00e1ndares educativos: los superamos. En el a\u00f1o 2016, dimos un paso decisivo al firmar un convenio de colaboraci\u00f3n con la Universidad de A Coru\u00f1a, y en particular con la Facultad de Ciencias del Deporte y la Educaci\u00f3n F\u00edsica (INEF Galicia). Impartir parte de nuestra formaci\u00f3n en un entorno universitario de excelencia, con acceso a aulas, laboratorios, pabellones y campos deportivos de primer nivel. Integrar docentes universitarios y expertos del mundo del f\u00fatbol en nuestro equipo formativo, lo que garantiza una ense\u00f1anza actualizada, rigurosa y conectada con las \u00faltimas tendencias cient\u00edficas y metodol\u00f3gicas. Ofrecer al alumnado una experiencia formativa completa, que combina el saber acad\u00e9mico con la realidad pr\u00e1ctica del entrenamiento, el juego y la competici\u00f3n. Adem\u00e1s del aval institucional y la solidez acad\u00e9mica, nos distinguimos por la identidad. Todo nuestro trabajo se construye sobre una base clara: el ADN blanquiazul. Esto significa formar entrenadores que comprendan y transmitan los valores del RC Deportivo: compromiso, esfuerzo, innovaci\u00f3n, compa\u00f1erismo, y pasi\u00f3n por el f\u00fatbol. Por todo ello, en nuestra Escola de Adestradores RCD no solo se obtienen t\u00edtulos: se vive una experiencia transformadora, que prepara a los entrenadores del presente para liderar el f\u00fatbol del futuro. HACIA D\u00d3NDE VAMOS Nuestro objetivo es seguir siendo un referente nacional y serlo tambi\u00e9n a nivel internacional en la formaci\u00f3n de entrenadores. Apostamos por una ense\u00f1anza actualizada, con base cient\u00edfica y centrada en la evoluci\u00f3n del f\u00fatbol moderno. Miramos al futuro con ambici\u00f3n: queremos que nuestros titulados est\u00e9n preparados para liderar desde el banquillo, desde la base hasta la \u00e9lite. Creemos en una formaci\u00f3n que inspire, transforme y conecte con la realidad del juego. Porque un buen entrenador\/a no solo ense\u00f1a: construye, motiva y deja huella.<\/p>","protected":false},"author":1,"featured_media":0,"parent":0,"menu_order":0,"comment_status":"closed","ping_status":"closed","template":"elementor_header_footer","meta":{"om_disable_all_campaigns":false,"_monsterinsights_skip_tracking":false,"_monsterinsights_sitenote_active":false,"_monsterinsights_sitenote_note":"","_monsterinsights_sitenote_category":0,"neve_meta_sidebar":"","neve_meta_container":"","neve_meta_enable_content_width":"","neve_meta_content_width":0,"neve_meta_title_alignment":"","neve_meta_author_avatar":"","neve_post_elements_order":"","neve_meta_disable_header":"","neve_meta_disable_footer":"","neve_meta_disable_title":"on","neve_meta_reading_time":"","_ti_tpc_template_sync":false,"_ti_tpc_template_id":"","footnotes":""},"aioseo_notices":[],"_links":{"self":[{"href":"https:\/\/escolaadestradoresrcd.es\/gl\/wp-json\/wp\/v2\/pages\/1307"}],"collection":[{"href":"https:\/\/escolaadestradoresrcd.es\/gl\/wp-json\/wp\/v2\/pages"}],"about":[{"href":"https:\/\/escolaadestradoresrcd.es\/gl\/wp-json\/wp\/v2\/types\/page"}],"author":[{"embeddable":true,"href":"https:\/\/escolaadestradoresrcd.es\/gl\/wp-json\/wp\/v2\/users\/1"}],"replies":[{"embeddable":true,"href":"https:\/\/escolaadestradoresrcd.es\/gl\/wp-json\/wp\/v2\/comments?post=1307"}],"version-history":[{"count":45,"href":"https:\/\/escolaadestradoresrcd.es\/gl\/wp-json\/wp\/v2\/pages\/1307\/revisions"}],"predecessor-version":[{"id":4661,"href":"https:\/\/escolaadestradoresrcd.es\/gl\/wp-json\/wp\/v2\/pages\/1307\/revisions\/4661"}],"wp:attachment":[{"href":"https:\/\/escolaadestradoresrcd.es\/gl\/wp-json\/wp\/v2\/media?parent=1307"}],"curies":[{"name":"wp","href":"https:\/\/api.w.org\/{rel}","templated":true}]}}