{"id":662,"date":"2023-11-14T11:39:32","date_gmt":"2023-11-14T10:39:32","guid":{"rendered":"https:\/\/escolaadestradoresrcd.es\/?page_id=662"},"modified":"2024-08-27T19:03:42","modified_gmt":"2024-08-27T17:03:42","slug":"oferta","status":"publish","type":"page","link":"https:\/\/escolaadestradoresrcd.es\/gl\/oferta\/","title":{"rendered":"Oferta_old"},"content":{"rendered":"<div data-elementor-type=\"wp-page\" data-elementor-id=\"662\" class=\"elementor elementor-662\">\n\t\t\t\t\t\t<section class=\"elementor-section elementor-top-section elementor-element elementor-element-8ee04fd elementor-section-boxed elementor-section-height-default elementor-section-height-default wpr-particle-no wpr-jarallax-no wpr-parallax-no wpr-sticky-section-no\" data-id=\"8ee04fd\" data-element_type=\"section\">\n\t\t\t\t\t\t<div class=\"elementor-container elementor-column-gap-default\">\n\t\t\t\t\t<div class=\"elementor-column elementor-col-100 elementor-top-column elementor-element elementor-element-16241402\" data-id=\"16241402\" data-element_type=\"column\">\n\t\t\t<div class=\"elementor-widget-wrap elementor-element-populated\">\n\t\t\t\t\t\t<div class=\"elementor-element elementor-element-70b95b93 elementor-widget elementor-widget-heading\" data-id=\"70b95b93\" data-element_type=\"widget\" data-widget_type=\"heading.default\">\n\t\t\t\t<div class=\"elementor-widget-container\">\n\t\t\t\t\t<h1 class=\"elementor-heading-title elementor-size-default\">Oferta formativa<\/h1>\t\t\t\t<\/div>\n\t\t\t\t<\/div>\n\t\t\t\t<div class=\"elementor-element elementor-element-669c67b1 elementor-widget elementor-widget-heading\" data-id=\"669c67b1\" data-element_type=\"widget\" data-widget_type=\"heading.default\">\n\t\t\t\t<div class=\"elementor-widget-container\">\n\t\t\t\t\t<h2 class=\"elementor-heading-title elementor-size-default\">Requisitos de acceso<\/h2>\t\t\t\t<\/div>\n\t\t\t\t<\/div>\n\t\t\t\t\t<\/div>\n\t\t<\/div>\n\t\t\t\t\t<\/div>\n\t\t<\/section>\n\t\t<div class=\"elementor-element elementor-element-ef1e73d e-con-full e-flex wpr-particle-no wpr-jarallax-no wpr-parallax-no wpr-sticky-section-no e-con e-parent\" data-id=\"ef1e73d\" data-element_type=\"container\" data-settings=\"{&quot;background_background&quot;:&quot;classic&quot;}\">\n\t\t\t\t<div class=\"elementor-element elementor-element-ab3c589 elementor-widget elementor-widget-heading\" data-id=\"ab3c589\" data-element_type=\"widget\" data-widget_type=\"heading.default\">\n\t\t\t\t<div class=\"elementor-widget-container\">\n\t\t\t\t\t<h2 class=\"elementor-heading-title elementor-size-default\">T\u00e9cnico Deportivo en F\u00fatbol<\/h2>\t\t\t\t<\/div>\n\t\t\t\t<\/div>\n\t\t\t\t<div class=\"elementor-element elementor-element-5eb7354 elementor-widget elementor-widget-heading\" data-id=\"5eb7354\" data-element_type=\"widget\" data-widget_type=\"heading.default\">\n\t\t\t\t<div class=\"elementor-widget-container\">\n\t\t\t\t\t<h2 class=\"elementor-heading-title elementor-size-default\">Nivel 1<\/h2>\t\t\t\t<\/div>\n\t\t\t\t<\/div>\n\t\t\t\t<\/div>\n\t\t<div class=\"elementor-element elementor-element-94bcd6e e-flex e-con-boxed wpr-particle-no wpr-jarallax-no wpr-parallax-no wpr-sticky-section-no e-con e-parent\" data-id=\"94bcd6e\" data-element_type=\"container\">\n\t\t\t\t\t<div class=\"e-con-inner\">\n\t\t\t\t<div class=\"elementor-element elementor-element-7d66ca9 elementor-widget elementor-widget-text-editor\" data-id=\"7d66ca9\" data-element_type=\"widget\" data-widget_type=\"text-editor.default\">\n\t\t\t\t<div class=\"elementor-widget-container\">\n\t\t\t\t\t\t\t\t\t<ul><li>T\u00edtulo de Graduado en Educaci\u00f3n Secundaria ou equivalente a efectos acad\u00e9micos, ou certificaci\u00f3n acad\u00e9mica que acredite ter depositado o t\u00edtulo correspondente.<\/li><li>Pago das taxas da Xunta por matr\u00edcula (34,00 \u20ac)<\/li><li>Se non pos\u00faes a titulaci\u00f3n esixida, poder\u00e1s acceder a ela superando unha proba de madurez acad\u00e9mica que organiza anualmente a Conseller\u00eda de Educaci\u00f3n.<\/li><li>Superar as probas espec\u00edficas de acceso f\u00edsico e t\u00e9cnico (RD 320\/2000 publicado no BOE 29\/03\/2000). Poder\u00e1n solicitar a exenci\u00f3n destas probas os deportistas que durante o ano de presentaci\u00f3n da solicitude dispo\u00f1an da licenza federada de \u00e1mbito nacional na disciplina de f\u00fatbol.<\/li><\/ul>\t\t\t\t\t\t\t\t<\/div>\n\t\t\t\t<\/div>\n\t\t\t\t\t<\/div>\n\t\t\t\t<\/div>\n\t\t<div class=\"elementor-element elementor-element-3b93d87 e-flex e-con-boxed wpr-particle-no wpr-jarallax-no wpr-parallax-no wpr-sticky-section-no e-con e-parent\" data-id=\"3b93d87\" data-element_type=\"container\">\n\t\t\t\t\t<div class=\"e-con-inner\">\n\t\t\t\t<div class=\"elementor-element elementor-element-99968fb elementor-widget elementor-widget-text-editor\" data-id=\"99968fb\" data-element_type=\"widget\" data-widget_type=\"text-editor.default\">\n\t\t\t\t<div class=\"elementor-widget-container\">\n\t\t\t\t\t\t\t\t\t<p><strong>Exercicios de proba f\u00edsica:<\/strong><\/p><ul><li>Exercicio n\u00famero 1: avaliaci\u00f3n da velocidade de traduci\u00f3n. Percorrer unha distancia de 50 m. en terreo chan, cunha superficie regular e trazado recto, no menor tempo posible.<\/li><li>Exercicio n\u00famero 2: avaliaci\u00f3n da resistencia org\u00e1nica. Percorrer unha distancia de 2.000 m. en terreo liso e plano no menor tempo posible.<\/li><li>Exercicio n\u00famero 3: avaliaci\u00f3n da potencia dos primeiros m\u00fasculos extensores das extremidades inferiores. Salto vertical.<\/li><li>Exercicio n\u00famero 4: flexibilidade global do tronco e das extremidades inferiores. Descalzo e cos p\u00e9s colocados nun flex\u00f3metro, dobra o corpo cara adiante, sen impulso, e ao mesmo tempo leva os brazos o m\u00e1is atr\u00e1s posible, pasando entre as pernas.<\/li><li>Exercicio n\u00famero 5: avaliaci\u00f3n da potencia muscular e condici\u00f3ns de aplicaci\u00f3n en pancas \u00f3seas. Lanzar un bal\u00f3n cara adiante. O peso do bal\u00f3n medicinal ser\u00e1 de 5 kg. para homes e 3 kg. para as mulleres.<\/li><\/ul>\t\t\t\t\t\t\t\t<\/div>\n\t\t\t\t<\/div>\n\t\t\t\t\t<\/div>\n\t\t\t\t<\/div>\n\t\t<div class=\"elementor-element elementor-element-952573f e-flex e-con-boxed wpr-particle-no wpr-jarallax-no wpr-parallax-no wpr-sticky-section-no e-con e-parent\" data-id=\"952573f\" data-element_type=\"container\">\n\t\t\t\t\t<div class=\"e-con-inner\">\n\t\t\t\t<div class=\"elementor-element elementor-element-8bd84cf elementor-widget elementor-widget-text-editor\" data-id=\"8bd84cf\" data-element_type=\"widget\" data-widget_type=\"text-editor.default\">\n\t\t\t\t<div class=\"elementor-widget-container\">\n\t\t\t\t\t\t\t\t\t<p><strong>Avaliaci\u00f3n dos dous exercicios: os exercicios consideraranse superados cando o aspirante demostre:<\/strong><\/p><ul><li>Exercicio 1: un tempo inferior a 8 segundos para os homes e de 8,5 segundos para as mulleres.<\/li><li>Exercicio 2: un tempo inferior a 10 minutos para os homes e de 12 minutos para as mulleres.<\/li><li>Exercicio 3: salta polo menos 45 cm. homes e 35 cm. mulleres.<\/li><li>Exercicio 4: unha flexi\u00f3n de polo menos 30 cm. homes e 35 cm. mulleres.<\/li><li>Exercicio 5: lanzar unha pelota a unha distancia superior a 6 m.<\/li><\/ul>\t\t\t\t\t\t\t\t<\/div>\n\t\t\t\t<\/div>\n\t\t\t\t\t<\/div>\n\t\t\t\t<\/div>\n\t\t<div class=\"elementor-element elementor-element-7aee9e1 e-flex e-con-boxed wpr-particle-no wpr-jarallax-no wpr-parallax-no wpr-sticky-section-no e-con e-parent\" data-id=\"7aee9e1\" data-element_type=\"container\">\n\t\t\t\t\t<div class=\"e-con-inner\">\n\t\t\t\t<div class=\"elementor-element elementor-element-efbc9e0 elementor-widget elementor-widget-text-editor\" data-id=\"efbc9e0\" data-element_type=\"widget\" data-widget_type=\"text-editor.default\">\n\t\t\t\t<div class=\"elementor-widget-container\">\n\t\t\t\t\t\t\t\t\t<p><strong>Circuito t\u00e9cnico:\u00a0<\/strong>o obxectivo \u00e9 avaliar o nivel de execuci\u00f3n das habilidades fundamentais da especialidade de f\u00fatbol.<\/p>\t\t\t\t\t\t\t\t<\/div>\n\t\t\t\t<\/div>\n\t\t\t\t\t<\/div>\n\t\t\t\t<\/div>\n\t\t<div class=\"elementor-element elementor-element-2a47acb e-flex e-con-boxed wpr-particle-no wpr-jarallax-no wpr-parallax-no wpr-sticky-section-no e-con e-parent\" data-id=\"2a47acb\" data-element_type=\"container\">\n\t\t\t\t\t<div class=\"e-con-inner\">\n\t\t<div class=\"elementor-element elementor-element-8656e28 e-con-full e-flex wpr-particle-no wpr-jarallax-no wpr-parallax-no wpr-sticky-section-no e-con e-child\" data-id=\"8656e28\" data-element_type=\"container\">\n\t\t\t\t<div class=\"elementor-element elementor-element-9d8000b elementor-widget elementor-widget-text-editor\" data-id=\"9d8000b\" data-element_type=\"widget\" data-widget_type=\"text-editor.default\">\n\t\t\t\t<div class=\"elementor-widget-container\">\n\t\t\t\t\t\t\t\t\t<p><strong>Exercicios<\/strong><\/p><p>O aspirante deber\u00e1 realizar un circu\u00edto t\u00e9cnico que se desenvolver\u00e1 nun campo de f\u00fatbol con medidas regulamentarias, utilizando bal\u00f3ns regulamentarios da especialidade e que incluir\u00e1, pola mesma orde, os exercicios sinalados neste punto e que se realizar\u00e1 ou iniciado, segundo os casos, no lugar indicado no gr\u00e1fico (1):<\/p>\t\t\t\t\t\t\t\t<\/div>\n\t\t\t\t<\/div>\n\t\t\t\t<\/div>\n\t\t<div class=\"elementor-element elementor-element-b60a363 e-con-full e-flex wpr-particle-no wpr-jarallax-no wpr-parallax-no wpr-sticky-section-no e-con e-child\" data-id=\"b60a363\" data-element_type=\"container\">\n\t\t\t\t<div class=\"elementor-element elementor-element-72e48b1 elementor-widget elementor-widget-image\" data-id=\"72e48b1\" data-element_type=\"widget\" data-widget_type=\"image.default\">\n\t\t\t\t<div class=\"elementor-widget-container\">\n\t\t\t\t\t\t\t\t\t\t\t\t\t\t\t<img fetchpriority=\"high\" decoding=\"async\" width=\"300\" height=\"209\" src=\"https:\/\/escolaadestradoresrcd.es\/wp-content\/uploads\/2024\/04\/mapa.jpg\" class=\"attachment-full size-full wp-image-1249\" alt=\"\" srcset=\"https:\/\/escolaadestradoresrcd.es\/wp-content\/uploads\/2024\/04\/mapa.jpg 300w, https:\/\/escolaadestradoresrcd.es\/wp-content\/uploads\/2024\/04\/mapa-18x12.jpg 18w\" sizes=\"(max-width: 300px) 100vw, 300px\" \/>\t\t\t\t\t\t\t\t\t\t\t\t\t\t\t<\/div>\n\t\t\t\t<\/div>\n\t\t\t\t<\/div>\n\t\t\t\t\t<\/div>\n\t\t\t\t<\/div>\n\t\t<div class=\"elementor-element elementor-element-cf4449b e-flex e-con-boxed wpr-particle-no wpr-jarallax-no wpr-parallax-no wpr-sticky-section-no e-con e-parent\" data-id=\"cf4449b\" data-element_type=\"container\">\n\t\t\t\t\t<div class=\"e-con-inner\">\n\t\t\t\t<div class=\"elementor-element elementor-element-86329cc elementor-widget elementor-widget-text-editor\" data-id=\"86329cc\" data-element_type=\"widget\" data-widget_type=\"text-editor.default\">\n\t\t\t\t<div class=\"elementor-widget-container\">\n\t\t\t\t\t\t\t\t\t<ul><li>Un pase longo (a).<\/li><li>Manexar o bal\u00f3n co p\u00e9, correndo en li\u00f1a recta (b).<\/li><li>Manexar o bal\u00f3n co p\u00e9, nunha carreira en zigzag, superando 4 obst\u00e1culos separados dous metros entre si (c).<\/li><li>Tiro \u00e1 porter\u00eda desde f\u00f3ra da \u00e1rea (d).<\/li><li>Colle o bal\u00f3n dende o fondo da porter\u00eda e conduce o bal\u00f3n alto (habilidades din\u00e1micas) ata o v\u00e9rtice da \u00e1rea (e).<\/li><li>Realiza un tiro de precisi\u00f3n nunha pequena porter\u00eda (2 x 1 m.) situada na li\u00f1a de banda (f).<\/li><li>Controlar o bal\u00f3n que pasa un compa\u00f1eiro, para facer un muro (1-2) seguido de conducir o bal\u00f3n co p\u00e9, con cambio de direcci\u00f3n (g).<\/li><li>Impulsa a pelota para pasala por debaixo dun valado de 50 cm. alto e salta por riba del. A continuaci\u00f3n, sen parar, empurra o bal\u00f3n co p\u00e9 para pasalo por riba doutro valado de 50 cm. de alto, distanciado cinco metros do anterior, e pasar por debaixo dela (h).<\/li><li>Tres tiros a porter\u00eda desde f\u00f3ra da \u00e1rea (i).<\/li><\/ul>\t\t\t\t\t\t\t\t<\/div>\n\t\t\t\t<\/div>\n\t\t\t\t\t<\/div>\n\t\t\t\t<\/div>\n\t\t<div class=\"elementor-element elementor-element-d0b3a42 e-flex e-con-boxed wpr-particle-no wpr-jarallax-no wpr-parallax-no wpr-sticky-section-no e-con e-parent\" data-id=\"d0b3a42\" data-element_type=\"container\">\n\t\t\t\t\t<div class=\"e-con-inner\">\n\t\t\t\t<div class=\"elementor-element elementor-element-3bcca5e elementor-widget elementor-widget-text-editor\" data-id=\"3bcca5e\" data-element_type=\"widget\" data-widget_type=\"text-editor.default\">\n\t\t\t\t<div class=\"elementor-widget-container\">\n\t\t\t\t\t\t\t\t\t<p><strong>Avaliaci\u00f3n<\/strong><\/p><ul><li>Cada avaliador valorar\u00e1 todos os exercicios de un a dez puntos.<\/li><li>A avaliaci\u00f3n final desta segunda parte da proba de acceso \u00e1s ensinanzas de t\u00e9cnico deportivo en f\u00fatbol obterase mediante a media das avaliaci\u00f3ns dos avaliadores, e consid\u00e9rase superada cando a media obtida sexa igual ou superior a cinco puntos e o tempo empregado non sexa superior a cinco puntos. superar os tres minutos.<\/li><li>A Conseller\u00eda de Educaci\u00f3n e Ordenaci\u00f3n Universitaria regular\u00e1 a aplicaci\u00f3n e inspecci\u00f3n da proba espec\u00edfica de acceso.<\/li><li style=\"list-style-type: none;\">\u00a0<\/li><\/ul>\t\t\t\t\t\t\t\t<\/div>\n\t\t\t\t<\/div>\n\t\t\t\t\t<\/div>\n\t\t\t\t<\/div>\n\t\t<div class=\"elementor-element elementor-element-33fdd5d e-con-full e-flex wpr-particle-no wpr-jarallax-no wpr-parallax-no wpr-sticky-section-no e-con e-parent\" data-id=\"33fdd5d\" data-element_type=\"container\" data-settings=\"{&quot;background_background&quot;:&quot;classic&quot;}\">\n\t\t\t\t<div class=\"elementor-element elementor-element-3476dbb elementor-widget elementor-widget-heading\" data-id=\"3476dbb\" data-element_type=\"widget\" data-widget_type=\"heading.default\">\n\t\t\t\t<div class=\"elementor-widget-container\">\n\t\t\t\t\t<h2 class=\"elementor-heading-title elementor-size-default\">T\u00e9cnico Deportivo en F\u00fatbol<\/h2>\t\t\t\t<\/div>\n\t\t\t\t<\/div>\n\t\t\t\t<div class=\"elementor-element elementor-element-4cadcd2 elementor-widget elementor-widget-heading\" data-id=\"4cadcd2\" data-element_type=\"widget\" data-widget_type=\"heading.default\">\n\t\t\t\t<div class=\"elementor-widget-container\">\n\t\t\t\t\t<h2 class=\"elementor-heading-title elementor-size-default\">Nivel 2<\/h2>\t\t\t\t<\/div>\n\t\t\t\t<\/div>\n\t\t\t\t<\/div>\n\t\t<div class=\"elementor-element elementor-element-573edd1 e-flex e-con-boxed wpr-particle-no wpr-jarallax-no wpr-parallax-no wpr-sticky-section-no e-con e-parent\" data-id=\"573edd1\" data-element_type=\"container\">\n\t\t\t\t\t<div class=\"e-con-inner\">\n\t\t\t\t<div class=\"elementor-element elementor-element-1862cd3 elementor-widget elementor-widget-text-editor\" data-id=\"1862cd3\" data-element_type=\"widget\" data-widget_type=\"text-editor.default\">\n\t\t\t\t<div class=\"elementor-widget-container\">\n\t\t\t\t\t\t\t\t\t<ul><li>T\u00edtulo de Graduado en Educaci\u00f3n Secundaria ou equivalente a efectos acad\u00e9micos, ou certificaci\u00f3n acad\u00e9mica na que conste que est\u00e1 depositado o t\u00edtulo correspondente (s\u00f3 para o alumnado que non superou o Nivel 1 neste centro).<\/li><li>Certificaci\u00f3n acad\u00e9mica de ter superado o nivel 1.<\/li><li>Pago das taxas da Xunta por matr\u00edcula (13,00 \u20ac)<\/li><\/ul>\t\t\t\t\t\t\t\t<\/div>\n\t\t\t\t<\/div>\n\t\t\t\t\t<\/div>\n\t\t\t\t<\/div>\n\t\t<div class=\"elementor-element elementor-element-a0df250 e-con-full e-flex wpr-particle-no wpr-jarallax-no wpr-parallax-no wpr-sticky-section-no e-con e-parent\" data-id=\"a0df250\" data-element_type=\"container\" data-settings=\"{&quot;background_background&quot;:&quot;classic&quot;}\">\n\t\t\t\t<div class=\"elementor-element elementor-element-30a45df elementor-widget elementor-widget-heading\" data-id=\"30a45df\" data-element_type=\"widget\" data-widget_type=\"heading.default\">\n\t\t\t\t<div class=\"elementor-widget-container\">\n\t\t\t\t\t<h2 class=\"elementor-heading-title elementor-size-default\">T\u00e9cnico Deportivo Superior en F\u00fatbol<\/h2>\t\t\t\t<\/div>\n\t\t\t\t<\/div>\n\t\t\t\t<div class=\"elementor-element elementor-element-cdaa72b elementor-widget elementor-widget-heading\" data-id=\"cdaa72b\" data-element_type=\"widget\" data-widget_type=\"heading.default\">\n\t\t\t\t<div class=\"elementor-widget-container\">\n\t\t\t\t\t<h2 class=\"elementor-heading-title elementor-size-default\">Nivel 3<\/h2>\t\t\t\t<\/div>\n\t\t\t\t<\/div>\n\t\t\t\t<\/div>\n\t\t<div class=\"elementor-element elementor-element-f9e68a1 e-flex e-con-boxed wpr-particle-no wpr-jarallax-no wpr-parallax-no wpr-sticky-section-no e-con e-parent\" data-id=\"f9e68a1\" data-element_type=\"container\">\n\t\t\t\t\t<div class=\"e-con-inner\">\n\t\t\t\t<div class=\"elementor-element elementor-element-9c08e6b elementor-widget elementor-widget-text-editor\" data-id=\"9c08e6b\" data-element_type=\"widget\" data-widget_type=\"text-editor.default\">\n\t\t\t\t<div class=\"elementor-widget-container\">\n\t\t\t\t\t\t\t\t\t<ul><li>T\u00edtulo de bacharelato ou equivalente a efectos acad\u00e9micos, ou certificaci\u00f3n acad\u00e9mica que acredite estar depositado o t\u00edtulo correspondente.<\/li><li>Se non pos\u00faes a titulaci\u00f3n esixida, poder\u00e1s acceder a ela superando as probas de madurez acad\u00e9mica que organiza anualmente a Conseller\u00eda de Educaci\u00f3n.<\/li><li>T\u00edtulo de T\u00e9cnico Deportivo en F\u00fatbol ou certificaci\u00f3n acad\u00e9mica que acredite ter depositado o t\u00edtulo correspondente.<\/li><li>Acreditar, mediante certificado expedido pola Real Federaci\u00f3n Espa\u00f1ola de F\u00fatbol ou pola Federaci\u00f3n Auton\u00f3mica correspondente, a experiencia requirida como adestrador habitual: despois de obter o t\u00edtulo de T\u00e9cnico Deportivo de F\u00fatbol, \u200b\u200bcomo adestrador habitual de equipos que participen durante polo menos unha tempada. en Terceira Divisi\u00f3n, Categor\u00eda Rexional Preferente, Categor\u00eda Auton\u00f3mica Ordinaria, Liga Nacional Xuvenil ou en competici\u00f3ns das categor\u00edas xuvenil, cadete, infantil, alev\u00edn ou benjam\u00edn. Considerarase rematada unha tempada cando se acredite o desempe\u00f1o das funci\u00f3ns, de xeito ininterrompido, durante un per\u00edodo m\u00ednimo de 6 meses ou, se \u00e9 o caso, de 183 d\u00edas.<\/li><\/ul>\t\t\t\t\t\t\t\t<\/div>\n\t\t\t\t<\/div>\n\t\t\t\t\t<\/div>\n\t\t\t\t<\/div>\n\t\t\t\t<\/div>","protected":false},"excerpt":{"rendered":"<p>Oferta formativa Requisitos de acceso T\u00e9cnico Deportivo en F\u00fatbol Nivel 1 T\u00edtulo de Graduado en Educaci\u00f3n Secundaria o equivalente a efectos acad\u00e9micos, o certificaci\u00f3n acad\u00e9mica en que el que figure haber realizado el dep\u00f3sito del correspondente t\u00edtulo. Pago de tasas de la Xunta para inscripci\u00f3n (34,00 \u20ac) En el caso de no contar con la titulaci\u00f3n requerida se podr\u00e1 acceder superando una prueba de madurez acad\u00e9mica organizada, anualmente, por la Conseller\u00eda de Educaci\u00f3n. Superar unas pruebas f\u00edsicas y t\u00e9cnicas de acceso de car\u00e1cter espec\u00edfico (RD 320\/2000 publicado en BOE 29\/03\/2000). Los deportistas que durante el a\u00f1o de la solicitud cuenten con licencia federada de \u00e1mito nacional, en la disciplina de f\u00fatbol, podr\u00e1n solictar la exenci\u00f3n a estas pruebas. Ejercicios de las pruebas f\u00edsicas: Ejercicio n\u00famero 1: evaluaci\u00f3n de la velocidad de traslaci\u00f3n. Recorrer una distancia de 50 m. en terreno llano, de firme regular y de trazado recto, en el menor tiempo posible. Ejercicio n\u00famero 2: evaluaci\u00f3n de la resistencia org\u00e1nica. Recorrer una distancia de 2.000 m. en terreo liso y plano en el menor tiempo posible. Ejercicio n\u00famero 3: evaluaci\u00f3n de la potencia de los primeros m\u00fasculos extensores de las extremidades inferiores. Salto vertical. Ejercicio n\u00famero 4: flexibilidad global del tronco y de las extremidades inferiores. Descalzo y con los pies situados sobre un flex\u00f3metro, flexionar el cuerpo hacia adelante, sin impulso, y llevar los brazos simult\u00e1neamente tan atr\u00e1s como sea posible, pasando entre las piernas. Ejercicio n\u00famero 5: evaluaci\u00f3n de la potencia muscular y de las condiciones de aplicaci\u00f3n en las palancas \u00f3seas. Lanzamiento de un bal\u00f3n hacia adelante. El peso del bal\u00f3n medicinal ser\u00e1 de 5 kg. para los hombres y de 3 kg. para las mujeres. Evaluci\u00f3n de los dos ejercicios: se considerar\u00e1n superados los ejercicios cuando el aspirante demuestre: Ejercicio 1: un tiempo inferior a los 8 segundos en los hombres y 8,5 segundos en las mujeres. Ejercicio 2: un tiempo inferior a 10 minutos en los hombres y de 12 minutos en las mujeres. Ejercicio 3: saltar por lo menos 45 cm. los hombres y 35 cm. las mujeres. Ejercicio 4: una flexi\u00f3n de por lo menos 30 cm. los hombres y de 35 cm. las mujeres. Ejercicio 5: lanzamiento de bal\u00f3n a una distancia superior a 6 m. Circuito t\u00e9cnico:\u00a0el objetivo es evaluar el nivel de ejecuci\u00f3n de las habilidades fundamentales de la especialidad de f\u00fatbol. Ejercicios El aspirante tendr\u00e1 que completar un circu\u00edto t\u00e9cnico que se desarrollar\u00e1 en un campo de f\u00fatbol de medidas reglamentarias, utilizando balones reglamentarios de la especialidad y que incluir\u00e1, seg\u00fan el mismo orden, los ejercicios que se indican en este punto y que se efectuar\u00e1n o iniciar\u00e1n, seg\u00fan el caso, en el lugar que se especifica en el gr\u00e1fico (1): Un pase largo (a). Conducci\u00f3n del bal\u00f3n con el pie, en carrera en linea recta (b). Conducci\u00f3n del bal\u00f3n con el pie, en carrera en zigzag salvando 4 obst\u00e1culos separados dos metros uno del otro (c). Efectuar tiro a porter\u00eda desde fuera del \u00e1rea (d). Recoger el bal\u00f3n del fondo de la porter\u00eda y realizar una conducci\u00f3n elevada del bal\u00f3n (habilidades din\u00e1micas) hasta el v\u00e9rtice del \u00e1rea (e). Realizar un tiro de precisi\u00f3n a una porter\u00eda peque\u00f1a (2 x 1 m.) situada sobre la linea de banda (f). Efectuar el control del bal\u00f3n que pasa un compa\u00f1ero, para realizar una pared (1-2) seguida de una conducci\u00f3n del bal\u00f3n con el pie, con cambio de direcci\u00f3n (g). Impulsar el bal\u00f3n para pasarlo por debajo de una valla de 50 cm. de altura y saltar sobre el. Seguidamente, sin detenerse, impulsar con el pie el bal\u00f3n para pasarlo por arriba de otra valla de 50 cm. de altura distanciado cinco metros del anterior, y pasar por debajo de ella (h). Tres lanzamientos a puerta desde fuera del \u00e1rea (i). Evaluaci\u00f3n Cada evaluador valorar\u00e1 el conjunto de los ejercicios de uno a diez puntos. La evaluaci\u00f3n final de esta segunda parte de la prueba de acceso a las ense\u00f1anzas de t\u00e9cnico deportivo en f\u00fatbol se obtendr\u00e1 al hacer la media de las valoraciones de los evaluadores, y se considera superada cuando la media obtenida sea igual o superior a cinco puntos y el tiempo empleado no sea superior a tres minutos. La Conseller\u00eda de Educaci\u00f3n e Ordenaci\u00f3n Universitaria regular\u00e1 la aplicaci\u00f3n y la inspecci\u00f3n de la prueba de acceso de car\u00e1cter espec\u00edfico. \u00a0 T\u00e9cnico Deportivo en F\u00fatbol Nivel 2 T\u00edtulo de Graduado en Educaci\u00f3n Secundaria o equivalente a efectos acad\u00e9micos, o certificaci\u00f3n acad\u00e9mica en el que figure haber realizado el dep\u00f3sito del correspondiente t\u00edtulo (\u00fanicamente para alumnos que no cursaron el Nivel 1 en este centro). Certificaci\u00f3n acad\u00e9mica de haber superado el Nivel 1. Pago de tasas de la Xunta para inscripcic\u00f3n (13,00 \u20ac) T\u00e9cnico Deportivo Superior en F\u00fatbol Nivel 3 T\u00edtulo de Bachillerato o equivalente a efectos acad\u00e9micos, o certificaci\u00f3n acad\u00e9mica en el que figure haber realizado el dep\u00f3sito del correspondente t\u00edtulo. En el caso de no contar la titulaci\u00f3n requerida se podr\u00e1 acceder superando unas pruebas de madurez acad\u00e9mica organizadas, anualmente, por la Conseller\u00eda de Educaci\u00f3n. T\u00edtulo de T\u00e9cnico Deportivo en F\u00fatbol o certificaci\u00f3n acad\u00e9mica en el que figure haber realizado el dep\u00f3sito del correspondiente t\u00edtulo. Acreditar, mediante certificado expedido por la Real Federaci\u00f3n Espa\u00f1ola de F\u00fatbol o la Federaci\u00f3n Auton\u00f3mica que corresponda, la experiencia exigida como entrenador titular: despu\u00e9s de obtener el t\u00edtulo de T\u00e9cnico Deportivo de f\u00fatbol, como entrenador titular de equipos que participen por lo menos una temporada en Tercera Divisi\u00f3n, Categor\u00eda Regional Preferente, Categor\u00eda Regional Ordinaria, Liga Nacional juvenil o en competiciones de las categor\u00edas juvenil, cadete, infantil, alev\u00edn o benjam\u00edn. Una temporada se considerar\u00e1 completa cuando se acredite el cumplimiento de las funciones, de forma ininterrumpida, durante un per\u00edodo m\u00ednimo de 6 meses o, en su caso, 183 d\u00edas.<\/p>","protected":false},"author":1,"featured_media":0,"parent":0,"menu_order":0,"comment_status":"closed","ping_status":"closed","template":"","meta":{"om_disable_all_campaigns":false,"_monsterinsights_skip_tracking":false,"_monsterinsights_sitenote_active":false,"_monsterinsights_sitenote_note":"","_monsterinsights_sitenote_category":0,"neve_meta_sidebar":"","neve_meta_container":"full-width","neve_meta_enable_content_width":"","neve_meta_content_width":0,"neve_meta_title_alignment":"","neve_meta_author_avatar":"","neve_post_elements_order":"","neve_meta_disable_header":"","neve_meta_disable_footer":"","neve_meta_disable_title":"on","neve_meta_reading_time":"","_ti_tpc_template_sync":false,"_ti_tpc_template_id":"","footnotes":""},"aioseo_notices":[],"_links":{"self":[{"href":"https:\/\/escolaadestradoresrcd.es\/gl\/wp-json\/wp\/v2\/pages\/662"}],"collection":[{"href":"https:\/\/escolaadestradoresrcd.es\/gl\/wp-json\/wp\/v2\/pages"}],"about":[{"href":"https:\/\/escolaadestradoresrcd.es\/gl\/wp-json\/wp\/v2\/types\/page"}],"author":[{"embeddable":true,"href":"https:\/\/escolaadestradoresrcd.es\/gl\/wp-json\/wp\/v2\/users\/1"}],"replies":[{"embeddable":true,"href":"https:\/\/escolaadestradoresrcd.es\/gl\/wp-json\/wp\/v2\/comments?post=662"}],"version-history":[{"count":74,"href":"https:\/\/escolaadestradoresrcd.es\/gl\/wp-json\/wp\/v2\/pages\/662\/revisions"}],"predecessor-version":[{"id":1884,"href":"https:\/\/escolaadestradoresrcd.es\/gl\/wp-json\/wp\/v2\/pages\/662\/revisions\/1884"}],"wp:attachment":[{"href":"https:\/\/escolaadestradoresrcd.es\/gl\/wp-json\/wp\/v2\/media?parent=662"}],"curies":[{"name":"wp","href":"https:\/\/api.w.org\/{rel}","templated":true}]}}